{"id":171,"date":"2023-12-19T15:55:12","date_gmt":"2023-12-19T14:55:12","guid":{"rendered":"https:\/\/heraitzekoop.fr\/?page_id=171"},"modified":"2026-01-11T09:51:10","modified_gmt":"2026-01-11T08:51:10","slug":"notre-epicerie","status":"publish","type":"page","link":"https:\/\/heraitzekoop.fr\/index.php\/notre-epicerie\/","title":{"rendered":"Notre \u00e9picerie"},"content":{"rendered":"\n<div class=\"wp-block-columns is-layout-flex wp-container-core-columns-is-layout-28f84493 wp-block-columns-is-layout-flex\">\n<div class=\"wp-block-column is-layout-flow wp-block-column-is-layout-flow\">\n<p class=\"has-medium-font-size\">L&rsquo;association HERAITZEKOOP a vu le jour l&rsquo;\u00e9t\u00e9 2023 avec l&rsquo;ouverture d&rsquo;un caf\u00e9 associatif, d&rsquo;une large palette d&rsquo;ateliers cr\u00e9atifs, de langues, de bien-\u00eatre, de cuisine, de r\u00e9paration\u2026 Elle compte \u00e0 ce jour plus de 100 foyers adh\u00e9rents.<br><br>\u00c0 ces activit\u00e9s, d\u00e9j\u00e0 bien pr\u00e9sentes, parfois inter-g\u00e9n\u00e9rationnelles, s\u2019ajoutait un autre projet qui a suscit\u00e9 un vif int\u00e9r\u00eat parmi vous : <strong>l\u2019\u00e9picerie participative.<\/strong> Elle  a ouvert ses portes en mars 2024.<br><br>Pour b\u00e9n\u00e9ficier de l\u2019achat des produits de l&rsquo;\u00e9picerie, chaque adh\u00e9rent s\u2019engage \u00e0 <strong>participer<\/strong> \u00e0 hauteur de 2h par mois \u00e0 l\u2019une des activit\u00e9s qui fait vivre l\u2019association\u00a0: L&rsquo;\u00e9picerie,\u00a0le caf\u00e9 ou l\u2019animation d&rsquo;un atelier.<\/p>\n<\/div>\n\n\n\n<div class=\"wp-block-column is-layout-flow wp-block-column-is-layout-flow\">\n<figure class=\"wp-block-image size-full\"><img loading=\"lazy\" decoding=\"async\" width=\"1000\" height=\"750\" src=\"https:\/\/heraitzekoop.fr\/wp-content\/uploads\/photo-epicerie-1-1.jpg\" alt=\"\" class=\"wp-image-1861\" srcset=\"https:\/\/heraitzekoop.fr\/wp-content\/uploads\/photo-epicerie-1-1.jpg 1000w, https:\/\/heraitzekoop.fr\/wp-content\/uploads\/photo-epicerie-1-1-300x225.jpg 300w, https:\/\/heraitzekoop.fr\/wp-content\/uploads\/photo-epicerie-1-1-768x576.jpg 768w\" sizes=\"auto, (max-width: 1000px) 100vw, 1000px\" \/><\/figure>\n<\/div>\n<\/div>\n\n\n\n<h3 class=\"wp-block-heading has-text-color has-link-color wp-elements-cfa3b3cf126ce6d87c384d98a86b7151\" style=\"color:#a90000;font-size:25px\"><strong>Pourquoi une \u00e9picerie participative&nbsp;?<\/strong><\/h3>\n\n\n\n<ul class=\"wp-block-list has-medium-font-size\">\n<li class=\"has-ast-global-color-6-color has-text-color has-link-color has-medium-font-size wp-elements-0e0c1d11d23dbd33d9c344778e282f89\"><strong>Une gestion participative : <\/strong>Les d\u00e9cisions, le fonctionnement, tout est entre les mains des adh\u00e9rents, fond\u00e9 sur la confiance mutuelle.<\/li>\n\n\n\n<li><strong>Une solidarit\u00e9 locale :<\/strong> Nous \u0153uvrons pour une alimentation saine, durable, et de qualit\u00e9, en partenariat avec des producteurs locaux attentifs au terroir.<\/li>\n\n\n\n<li><strong>\u00catre acteurs de notre consommation :<\/strong> Nous aspirons \u00e0 \u00eatre de v\u00e9ritables acteurs avec des achats responsables et une offre vari\u00e9e.<\/li>\n\n\n\n<li><strong>\u00catre acteurs de la transition \u00e9cologique : <\/strong>Des produits de saison, moins de transport, moins d\u2019emballages et de plastiques, une contribution concr\u00e8te \u00e0 la transition \u00e9cologique.<\/li>\n\n\n\n<li><strong>Offrir un lieu de vie,<\/strong> de rencontres et de transparence totale.<\/li>\n\n\n\n<li><strong>Ouverte \u00e0 tous<\/strong>, sous condition de participation active au fonctionnement de l\u2019association.<\/li>\n<\/ul>\n\n\n\n<h2 class=\"wp-block-heading\" style=\"font-size:30px\"><strong>Comment participer \u00e0 l&rsquo;\u00e9picerie ?<\/strong><\/h2>\n\n\n\n<h3 class=\"wp-block-heading has-text-color has-link-color wp-elements-634246b875cdc0a9db2819a5565c7145\" style=\"color:#c41818;font-size:25px\"><strong>Le fonctionnement<\/strong><\/h3>\n\n\n\n<p class=\"has-ast-global-color-3-color has-text-color has-link-color has-medium-font-size wp-elements-b0c5f5b12c8367241f8b2a0b1ef4570f\">Ce sont les adh\u00e9rents qui font fonctionner l\u2019\u00e9picerie dans un climat de partage et de confiance, en tenant diff\u00e9rents r\u00f4les : acheteurs, \u00e9piciers, r\u00e9ceptionnaires ou comptable.<br>Pour acheter, il faut au pr\u00e9alable activer le <strong>\u201ccompte panier\u201d <\/strong>du foyer, par ch\u00e8que ou virement sur le compte de l\u2019\u00e9picerie.<br>Il se compose <strong>:\u00a0<\/strong><\/p>\n\n\n\n<ul class=\"wp-block-list has-base-background-color has-background\">\n<li class=\"has-base-2-background-color has-background has-ast-global-color-4-background-color has-medium-font-size\">d\u2019un d\u00e9p\u00f4t permanent de 30\u20ac par foyer, n\u00e9cessaire pour payer les producteurs et avoir ainsi un fonds de roulement. Cette somme est restitu\u00e9e aux adh\u00e9rents qui arr\u00eatent de participer \u00e0 l\u2019\u00e9picerie.&nbsp;<\/li>\n\n\n\n<li class=\"has-base-2-background-color has-background has-ast-global-color-4-background-color has-medium-font-size\">d\u2019une somme libre destin\u00e9e aux achats, qui sera d\u00e9compt\u00e9e du compte panier directement par les \u00e9piciers, sans manipulation d\u2019argent.&nbsp;<\/li>\n<\/ul>\n\n\n\n<h3 class=\"wp-block-heading has-text-color has-link-color wp-elements-888e90d37374d3ca0bb110ba5bf0d707\" style=\"color:#a90000;font-size:25px\"><strong>L\u2019activation de votre compte :<\/strong><\/h3>\n\n\n\n<p class=\"has-medium-font-size\">Si vous \u00eates adh\u00e9rent actif, vous pouvez <strong>d\u2019ores et d\u00e9j\u00e0 ouvrir votre compte panier<\/strong> en d\u00e9posant un ch\u00e8que au caf\u00e9 ou effectuer un virement \u00e0 l\u2019ordre suivant :<\/p>\n\n\n\n<figure class=\"wp-block-table aligncenter\"><table class=\"has-black-color has-text-color has-link-color\"><tbody><tr><td><strong>IBAN : FR76 1027 8023 8500 0204 9890 122<br>Nom du b\u00e9n\u00e9ficiaire : HERAITZEKOOP<br>Banque : Cr\u00e9dit Mutuel<\/strong><\/td><\/tr><\/tbody><\/table><\/figure>\n\n\n\n<p class=\"has-medium-font-size\">Pour faciliter la gestion par les comptables :<\/p>\n\n\n\n<ul class=\"wp-block-list\">\n<li class=\"has-medium-font-size\">par ch\u00e8que : pr\u00e9ciser au dos votre num\u00e9ro d\u2019adh\u00e9rent.&nbsp;<\/li>\n\n\n\n<li class=\"has-medium-font-size\">par virement : sp\u00e9cifier l&rsquo;objet &nbsp;: \u00ab\u00a0compte panier \u00e9picerie\u00a0\u00bb et votre num\u00e9ro d\u2019adh\u00e9rent.&nbsp;<\/li>\n<\/ul>\n\n\n\n<p class=\"has-medium-font-size\">Si besoin, votre num\u00e9ro d\u2019adh\u00e9rent est disponible sur un tableau au caf\u00e9.<\/p>\n\n\n\n<p class=\"has-medium-font-size\">Pour toutes informations compl\u00e9mentaires, l\u2019\u00e9quipe \u00e9picerie de l\u2019association est \u00e0 votre disposition. hk.epicerie@gmail.com<\/p>\n\n\n\n<h3 class=\"wp-block-heading has-text-color has-link-color wp-elements-9d444ec901953f628c417637f813229e\" style=\"color:#c22525;font-size:25px\"><strong>Liste des produits pr\u00e9sents \u00e0 l\u2019\u00e9picerie: <\/strong><\/h3>\n\n\n\n<figure class=\"wp-block-image aligncenter size-full is-resized\"><img loading=\"lazy\" decoding=\"async\" width=\"1000\" height=\"710\" src=\"https:\/\/heraitzekoop.fr\/wp-content\/uploads\/photo-epicerie-2.jpg\" alt=\"\" class=\"wp-image-1346\" style=\"width:488px;height:auto\" srcset=\"https:\/\/heraitzekoop.fr\/wp-content\/uploads\/photo-epicerie-2.jpg 1000w, https:\/\/heraitzekoop.fr\/wp-content\/uploads\/photo-epicerie-2-300x213.jpg 300w, https:\/\/heraitzekoop.fr\/wp-content\/uploads\/photo-epicerie-2-768x545.jpg 768w\" sizes=\"auto, (max-width: 1000px) 100vw, 1000px\" \/><\/figure>\n\n\n\n<h3 class=\"wp-block-heading has-contrast-color has-text-color has-link-color has-medium-font-size wp-elements-87fa25c8758a5354033e1e787401e807\"><span style=\"color: #008000;\"><strong>Produits laitiers : <\/strong><\/span><\/h3>\n\n\n\n<ul class=\"wp-block-list\">\n<li class=\"has-medium-font-size\">Beurre, cr\u00e8me fra\u00eeche, lait, \u0153ufs, fromage de brebis, de ch\u00e8vre, de vache, yaourts<\/li>\n<\/ul>\n\n\n\n<h2 class=\"wp-block-heading has-text-color has-link-color has-medium-font-size wp-elements-d80ef1245c619dba952bd92584609c60\" style=\"color:#0c6b14\"><strong>Farine, p\u00e2tes, polenta, taloa et huile :<\/strong><\/h2>\n\n\n\n<ul class=\"wp-block-list\">\n<li class=\"has-medium-font-size\">Farine de bl\u00e9 et\/ou ma\u00efs, ch\u00e2taigne et polenta\/taloa, p\u00e2tes, huile de colza, tournesol et olive<\/li>\n<\/ul>\n\n\n\n<h3 class=\"wp-block-heading has-contrast-color has-text-color has-link-color has-medium-font-size\"><span style=\"color: #008000;\"><strong>Viandes :<\/strong> (sur commande)<\/span><\/h3>\n\n\n\n<ul class=\"wp-block-list\">\n<li class=\"has-medium-font-size\">Poulets Idoki, b\u0153uf, porc kintoa idoki<\/li>\n<\/ul>\n\n\n\n<h3 class=\"wp-block-heading has-contrast-color has-text-color has-link-color has-medium-font-size\"><span style=\"color: #008000;\"><strong>Charcuterie :<\/strong><\/span><\/h3>\n\n\n\n<ul class=\"wp-block-list\">\n<li class=\"has-medium-font-size\">Saucissons, p\u00e2t\u00e9, boudin, saucisses confites, chorizo<\/li>\n<\/ul>\n\n\n\n<ul class=\"wp-block-list\"><\/ul>\n\n\n\n<h3 class=\"wp-block-heading has-contrast-color has-text-color has-link-color has-medium-font-size\"><span style=\"color: #008000;\"><strong>Plats cuisin\u00e9s et tartinables<\/strong><\/span><\/h3>\n\n\n\n<ul class=\"wp-block-list\">\n<li class=\"has-medium-font-size\">Axoa, canards en conserve et foie gras cuits en bocaux, blanquette de veaux, piperade, velout\u00e9s de l\u00e9gumes, gaspachos<\/li>\n<\/ul>\n\n\n\n<h3 class=\"wp-block-heading has-contrast-color has-text-color has-link-color has-medium-font-size\"><span style=\"color: #008000;\"><strong>Condiments<\/strong><\/span><\/h3>\n\n\n\n<ul class=\"wp-block-list\">\n<li class=\"has-medium-font-size\">Piment d\u2019Espelette, cornichons, moutarde<\/li>\n<\/ul>\n\n\n\n<h3 class=\"wp-block-heading has-contrast-color has-text-color has-link-color has-medium-font-size\"><span style=\"color: #008000;\"><strong>\u00c9picerie sucr\u00e9e :<\/strong><\/span><\/h3>\n\n\n\n<ul class=\"wp-block-list\">\n<li class=\"has-medium-font-size\">Friandises, chocolats, miel, cr\u00e8me de ch\u00e2taigne, biscuits<\/li>\n<\/ul>\n\n\n\n<h3 class=\"wp-block-heading has-contrast-color has-text-color has-link-color has-medium-font-size\"><span style=\"color: #008000;\"><strong>Boissons<\/strong> :<\/span><\/h3>\n\n\n\n<ul class=\"wp-block-list has-medium-font-size\">\n<li>Bi\u00e8res, jus de fruits, cidre, sirop, kombucha, caf\u00e9, vins.<\/li>\n<\/ul>\n\n\n\n<ul class=\"wp-block-list\">\n<li><\/li>\n<\/ul>\n\n\n\n<p>&nbsp;<\/p>\n\n\n\n<p class=\"has-medium-font-size\"><\/p>\n","protected":false},"excerpt":{"rendered":"<p>L&rsquo;association HERAITZEKOOP a vu le jour l&rsquo;\u00e9t\u00e9 2023 avec l&rsquo;ouverture d&rsquo;un caf\u00e9 associatif, d&rsquo;une large palette d&rsquo;ateliers cr\u00e9atifs, de langues, [&hellip;]<\/p>\n","protected":false},"author":2,"featured_media":0,"parent":0,"menu_order":0,"comment_status":"closed","ping_status":"closed","template":"","meta":{"site-sidebar-layout":"default","site-content-layout":"","ast-site-content-layout":"default","site-content-style":"default","site-sidebar-style":"default","ast-global-header-display":"","ast-banner-title-visibility":"","ast-main-header-display":"","ast-hfb-above-header-display":"","ast-hfb-below-header-display":"","ast-hfb-mobile-header-display":"","site-post-title":"","ast-breadcrumbs-content":"","ast-featured-img":"","footer-sml-layout":"","theme-transparent-header-meta":"default","adv-header-id-meta":"","stick-header-meta":"","header-above-stick-meta":"","header-main-stick-meta":"","header-below-stick-meta":"","astra-migrate-meta-layouts":"set","ast-page-background-enabled":"default","ast-page-background-meta":{"desktop":{"background-color":"var(--ast-global-color-5)","background-image":"","background-repeat":"repeat","background-position":"center center","background-size":"auto","background-attachment":"scroll","background-type":"","background-media":"","overlay-type":"","overlay-color":"","overlay-opacity":"","overlay-gradient":""},"tablet":{"background-color":"","background-image":"","background-repeat":"repeat","background-position":"center center","background-size":"auto","background-attachment":"scroll","background-type":"","background-media":"","overlay-type":"","overlay-color":"","overlay-opacity":"","overlay-gradient":""},"mobile":{"background-color":"","background-image":"","background-repeat":"repeat","background-position":"center center","background-size":"auto","background-attachment":"scroll","background-type":"","background-media":"","overlay-type":"","overlay-color":"","overlay-opacity":"","overlay-gradient":""}},"ast-content-background-meta":{"desktop":{"background-color":"var(--ast-global-color-4)","background-image":"","background-repeat":"repeat","background-position":"center center","background-size":"auto","background-attachment":"scroll","background-type":"","background-media":"","overlay-type":"","overlay-color":"","overlay-opacity":"","overlay-gradient":""},"tablet":{"background-color":"var(--ast-global-color-4)","background-image":"","background-repeat":"repeat","background-position":"center center","background-size":"auto","background-attachment":"scroll","background-type":"","background-media":"","overlay-type":"","overlay-color":"","overlay-opacity":"","overlay-gradient":""},"mobile":{"background-color":"var(--ast-global-color-4)","background-image":"","background-repeat":"repeat","background-position":"center center","background-size":"auto","background-attachment":"scroll","background-type":"","background-media":"","overlay-type":"","overlay-color":"","overlay-opacity":"","overlay-gradient":""}},"footnotes":""},"class_list":["post-171","page","type-page","status-publish","hentry"],"jetpack_sharing_enabled":true,"_links":{"self":[{"href":"https:\/\/heraitzekoop.fr\/index.php\/wp-json\/wp\/v2\/pages\/171","targetHints":{"allow":["GET"]}}],"collection":[{"href":"https:\/\/heraitzekoop.fr\/index.php\/wp-json\/wp\/v2\/pages"}],"about":[{"href":"https:\/\/heraitzekoop.fr\/index.php\/wp-json\/wp\/v2\/types\/page"}],"author":[{"embeddable":true,"href":"https:\/\/heraitzekoop.fr\/index.php\/wp-json\/wp\/v2\/users\/2"}],"replies":[{"embeddable":true,"href":"https:\/\/heraitzekoop.fr\/index.php\/wp-json\/wp\/v2\/comments?post=171"}],"version-history":[{"count":49,"href":"https:\/\/heraitzekoop.fr\/index.php\/wp-json\/wp\/v2\/pages\/171\/revisions"}],"predecessor-version":[{"id":1864,"href":"https:\/\/heraitzekoop.fr\/index.php\/wp-json\/wp\/v2\/pages\/171\/revisions\/1864"}],"wp:attachment":[{"href":"https:\/\/heraitzekoop.fr\/index.php\/wp-json\/wp\/v2\/media?parent=171"}],"curies":[{"name":"wp","href":"https:\/\/api.w.org\/{rel}","templated":true}]}}