{"id":682,"date":"2024-02-10T20:34:41","date_gmt":"2024-02-10T19:34:41","guid":{"rendered":"https:\/\/heraitzekoop.fr\/?page_id=682"},"modified":"2024-02-11T15:52:09","modified_gmt":"2024-02-11T14:52:09","slug":"pour-profiter-de-lepicerie-cest-maintenant","status":"publish","type":"page","link":"https:\/\/heraitzekoop.fr\/index.php\/notre-epicerie\/pour-profiter-de-lepicerie-cest-maintenant\/","title":{"rendered":"Pour participer l\u2019\u00e9picerie,  c\u2019est maintenant !"},"content":{"rendered":"\n<div class=\"wp-block-group alignwide is-layout-constrained wp-block-group-is-layout-constrained\">\n<p class=\"has-contrast-color has-text-color has-link-color wp-elements-fc11452345d2084e34f13ac380e481b7\">L\u2019association <strong>HERAITZEKOOP <\/strong>a vu le jour l\u2019\u00e9t\u00e9 dernier avec l\u2019ouverture d\u2019un caf\u00e9 associatif, d\u2019une large palette d&rsquo;ateliers cr\u00e9atifs, de langues, de bien-\u00eatre, de cuisine, de r\u00e9paration&#8230;&nbsp; Elle compte \u00e0 ce jour 133 foyers adh\u00e9rents.<\/p>\n\n\n\n<p>A ces activit\u00e9s, d\u00e9j\u00e0 bien pr\u00e9sentes, parfois inter-g\u00e9n\u00e9rationnelles, s\u2019ajoute un autre projet qui a suscit\u00e9 un vif int\u00e9r\u00eat parmi vous&nbsp;:<strong> <\/strong><strong>l\u2019\u00e9picerie participative.<\/strong><\/p>\n\n\n\n<p>Pour b\u00e9n\u00e9ficier de l\u2019achat des produits de l&rsquo;\u00e9picerie, chaque adh\u00e9rent s\u2019engage \u00e0 <strong>participer <\/strong>\u00e0 hauteur de 2h par mois \u00e0 l\u2019une des activit\u00e9s qui fait vivre l\u2019association&nbsp;: L&rsquo;\u00e9picerie,&nbsp; le caf\u00e9, ou l\u2019animation d&rsquo;un atelier.<\/p>\n<\/div>\n\n\n\n<p class=\"has-contrast-color has-text-color has-link-color wp-elements-fc11452345d2084e34f13ac380e481b7\">L\u2019association <strong>HERAITZEKOOP <\/strong>a vu le jour l\u2019\u00e9t\u00e9 dernier avec l\u2019ouverture d\u2019un caf\u00e9 associatif, d\u2019une large palette d&rsquo;ateliers cr\u00e9atifs, de langues, de bien-\u00eatre, de cuisine, de r\u00e9paration&#8230;&nbsp; Elle compte \u00e0 ce jour 133 foyers adh\u00e9rents.<\/p>\n\n\n\n<p>A ces activit\u00e9s, d\u00e9j\u00e0 bien pr\u00e9sentes, parfois inter-g\u00e9n\u00e9rationnelles, s\u2019ajoute un autre projet qui a suscit\u00e9 un vif int\u00e9r\u00eat parmi vous&nbsp;:<strong> <\/strong><strong>l\u2019\u00e9picerie participative.<\/strong><\/p>\n\n\n\n<p>Pour b\u00e9n\u00e9ficier de l\u2019achat des produits de l&rsquo;\u00e9picerie, chaque adh\u00e9rent s\u2019engage \u00e0 <strong>participer <\/strong>\u00e0 hauteur de 2h par mois \u00e0 l\u2019une des activit\u00e9s qui fait vivre l\u2019association&nbsp;: L&rsquo;\u00e9picerie,&nbsp; le caf\u00e9, ou l\u2019animation d&rsquo;un atelier.<\/p>\n\n\n\n<h3 class=\"wp-block-heading has-text-color has-link-color wp-elements-2875217d11691a4c5b1cae51df6dc83e\" style=\"color:#a90000\"><strong>Pourquoi une \u00e9picerie participative&nbsp;?<\/strong><\/h3>\n\n\n\n<ul class=\"wp-block-list\">\n<li>pour consommer des produits locaux de qualit\u00e9, sans interm\u00e9diaire, au prix producteurs,&nbsp;<\/li>\n\n\n\n<li>pour r\u00e9duire notre impact environnemental, avec moins de transport de marchandises et de trajet.<\/li>\n\n\n\n<li>pour contribuer \u00e0 la vie et aux \u00e9changes dans le quartier.<\/li>\n<\/ul>\n\n\n\n<h3 class=\"wp-block-heading has-text-color has-link-color wp-elements-aea6d7e352d3a4a5377b713a4ee453d9\" style=\"color:#a90000\"><strong>Comment cela va fonctionner&nbsp;?<\/strong><\/h3>\n\n\n\n<p>Ce sont les adh\u00e9rents qui vont faire fonctionner l\u2019\u00e9picerie dans un climat de partage et de confiance, en tenant diff\u00e9rents r\u00f4les: acheteurs, \u00e9piciers, r\u00e9ceptionnaires ou comptables.<\/p>\n\n\n\n<p>Pour acheter, il faut au pr\u00e9alable activer le <strong>\u201ccompte panier\u201d <\/strong>du foyer, par ch\u00e8que ou virement sur le compte de l\u2019\u00e9picerie. Il<strong> <\/strong>se compose <strong>:&nbsp;&nbsp;&nbsp;<\/strong><\/p>\n\n\n\n<ul class=\"wp-block-list\">\n<li>d\u2019un d\u00e9p\u00f4t permanent de 30\u20ac par foyer, n\u00e9cessaire pour payer les producteurs et avoir ainsi en magasin les premiers produits. Cette somme sera restitu\u00e9e aux adh\u00e9rents qui arr\u00eatent de participer \u00e0 l\u2019\u00e9picerie.&nbsp;<\/li>\n\n\n\n<li>d\u2019une somme libre destin\u00e9e aux achats,<em> <\/em>qui sera d\u00e9compt\u00e9e du compte panier directement par les \u00e9piciers, sans manipulation d\u2019argent.&nbsp;<\/li>\n<\/ul>\n\n\n\n<h3 class=\"wp-block-heading has-text-color has-link-color wp-elements-af36ae13692b4103d2f2102538903b12\" style=\"color:#a90000\"><strong>L\u2019activation de votre compte :<\/strong><\/h3>\n\n\n\n<p>Si vous \u00eates adh\u00e9rent actif, vous pouvez <strong>d\u2019ores et d\u00e9j\u00e0 ouvrir votre compte panier<\/strong> en d\u00e9posant un ch\u00e8que au caf\u00e9 ou effectuer un virement \u00e0 l\u2019ordre suivant :<\/p>\n\n\n\n<figure class=\"wp-block-table alignleft\"><table><tbody><tr><td>IBAN : <strong>FR76 1027 8023 8500 0204 9890 122<\/strong><br>Nom du b\u00e9n\u00e9ficiaire : <strong>HERAITZEKOOP<\/strong><br>Banque : Cr\u00e9dit Mutuel<\/td><\/tr><\/tbody><\/table><\/figure>\n\n\n\n<p>Pour faciliter la gestion par les comptables:<\/p>\n\n\n\n<ul class=\"wp-block-list\">\n<li>par ch\u00e8que: pr\u00e9ciser au dos votre num\u00e9ro d\u2019adh\u00e9rent.&nbsp;<\/li>\n\n\n\n<li>par virement : pr\u00e9ciser l&rsquo;objet &nbsp;: \u00ab\u00a0compte panier \u00e9picerie\u00a0\u00bb et votre num\u00e9ro d\u2019adh\u00e9rent.&nbsp;<\/li>\n<\/ul>\n\n\n\n<p>Si besoin, votre num\u00e9ro d\u2019adh\u00e9rent est disponible sur un tableau au caf\u00e9.<\/p>\n\n\n\n<p>Pour toutes informations compl\u00e9mentaires, l\u2019\u00e9quipe \u00e9picerie de l\u2019association est \u00e0 votre disposition. <a href=\"mailto:hk.epicerie@gmail.com\">hk.epicerie@gmail.com<\/a><\/p>\n\n\n\n<p>Nous vous attendons nombreux !&nbsp;<\/p>\n\n\n\n<h2 class=\"wp-block-heading has-text-color has-link-color wp-elements-0240e93663531fb472925f4b9a311661\" style=\"color:#1c6003\"><strong>La liste des produits qui seront pr\u00e9sents \u00e0 l\u2019\u00e9picerie dans un premier temps.&nbsp;<\/strong><\/h2>\n\n\n\n<h3 class=\"wp-block-heading has-text-color has-link-color wp-elements-718c9ed7dd1adababc26a8d36c3d81b2\" style=\"color:#a90000\"><strong>Produits laitiers :<\/strong><\/h3>\n\n\n\n<ul class=\"wp-block-list\">\n<li>Beurre, cr\u00e8me fraiche, lait, \u0153ufs, fromage de <em>brebis<\/em>, de <em>ch\u00e8vre<\/em>, de<em> vache<\/em>, yaourts<\/li>\n<\/ul>\n\n\n\n<h3 class=\"wp-block-heading has-text-color has-link-color wp-elements-b1d05138ff8b843c1fac4a84a71b4b41\" style=\"color:#a90000\"><strong>Farine, p\u00e2tes, polenta, taloa et huile&nbsp;:<\/strong><\/h3>\n\n\n\n<ul class=\"wp-block-list\">\n<li>Farine de bl\u00e9 et\/ou ma\u00efs, ch\u00e2taigne et polenta\/taloa, p\u00e2tes, huile de colza, tournesol et olive<\/li>\n<\/ul>\n\n\n\n<h3 class=\"wp-block-heading has-custom-vert-hk-color has-text-color has-link-color wp-elements-40faef770da49b6f7a9140bd490069a9\"><strong>Viandes :<\/strong> (sur commande)<\/h3>\n\n\n\n<ul class=\"wp-block-list\">\n<li>Poulets Idoki, b\u0153uf, porc kintoa idoki <\/li>\n<\/ul>\n\n\n\n<h3 class=\"wp-block-heading has-custom-vert-hk-color has-text-color has-link-color wp-elements-acd60c700e4582c998551ce5248e8a5d\"><strong>Charcuterie :<\/strong><\/h3>\n\n\n\n<ul class=\"wp-block-list\">\n<li>Saucissons, p\u00e2t\u00e9, boudin, saucisses confites, chorizo<\/li>\n<\/ul>\n\n\n\n<h3 class=\"wp-block-heading has-custom-vert-hk-color has-text-color has-link-color wp-elements-02ab02887d24a0361af6337ca80b7e12\"><strong>Poissons :<\/strong><\/h3>\n\n\n\n<ul class=\"wp-block-list\">\n<li>Poissons frais de la cri\u00e9e (sur commande), poissons fum\u00e9s<\/li>\n<\/ul>\n\n\n\n<h3 class=\"wp-block-heading has-custom-vert-hk-color has-text-color has-link-color wp-elements-64d5db6bf3515003d15f486099ad67a5\"><strong>Plats cuisin\u00e9s et tartinables<\/strong><\/h3>\n\n\n\n<ul class=\"wp-block-list\">\n<li>Axoa, canards en conserve et foie gras cuits en bocaux, blanquette de veaux, piperade, velout\u00e9s de l\u00e9gumes, gaspachos<\/li>\n<\/ul>\n\n\n\n<h3 class=\"wp-block-heading has-custom-vert-hk-color has-text-color has-link-color wp-elements-5c773b1c7a49c1bee3521e11207af681\"><strong>Condiments<\/strong><\/h3>\n\n\n\n<ul class=\"wp-block-list\">\n<li>Piment d\u2019Espelette, cornichons, moutarde<\/li>\n<\/ul>\n\n\n\n<h3 class=\"wp-block-heading has-custom-vert-hk-color has-text-color has-link-color wp-elements-04ae679d071c10e2b60f7cb8a9fecaa6\"><strong>\u00c9picerie sucr\u00e9e :<\/strong><\/h3>\n\n\n\n<ul class=\"wp-block-list\">\n<li>Friandises, chocolats, miel, cr\u00e8me de ch\u00e2taigne, biscuits<\/li>\n<\/ul>\n\n\n\n<h3 class=\"wp-block-heading has-custom-vert-hk-color has-text-color has-link-color wp-elements-3cfbd37dfd518246e134263686c71504\"><strong>Boissons<\/strong> :<\/h3>\n\n\n\n<ul class=\"wp-block-list\">\n<li>Bi\u00e8res, jus de fruits, cidre, sirop, kombucha, caf\u00e9<\/li>\n<\/ul>\n","protected":false},"excerpt":{"rendered":"<p>L\u2019association HERAITZEKOOP a vu le jour l\u2019\u00e9t\u00e9 dernier avec l\u2019ouverture d\u2019un caf\u00e9 associatif, d\u2019une large palette d&rsquo;ateliers cr\u00e9atifs, de langues, [&hellip;]<\/p>\n","protected":false},"author":1,"featured_media":639,"parent":171,"menu_order":1,"comment_status":"closed","ping_status":"closed","template":"","meta":{"site-sidebar-layout":"default","site-content-layout":"","ast-site-content-layout":"","site-content-style":"default","site-sidebar-style":"default","ast-global-header-display":"","ast-banner-title-visibility":"","ast-main-header-display":"","ast-hfb-above-header-display":"","ast-hfb-below-header-display":"","ast-hfb-mobile-header-display":"","site-post-title":"","ast-breadcrumbs-content":"","ast-featured-img":"","footer-sml-layout":"","theme-transparent-header-meta":"","adv-header-id-meta":"","stick-header-meta":"","header-above-stick-meta":"","header-main-stick-meta":"","header-below-stick-meta":"","astra-migrate-meta-layouts":"default","ast-page-background-enabled":"default","ast-page-background-meta":{"desktop":{"background-color":"var(--ast-global-color-5)","background-image":"","background-repeat":"repeat","background-position":"center center","background-size":"auto","background-attachment":"scroll","background-type":"","background-media":"","overlay-type":"","overlay-color":"","overlay-opacity":"","overlay-gradient":""},"tablet":{"background-color":"","background-image":"","background-repeat":"repeat","background-position":"center center","background-size":"auto","background-attachment":"scroll","background-type":"","background-media":"","overlay-type":"","overlay-color":"","overlay-opacity":"","overlay-gradient":""},"mobile":{"background-color":"","background-image":"","background-repeat":"repeat","background-position":"center center","background-size":"auto","background-attachment":"scroll","background-type":"","background-media":"","overlay-type":"","overlay-color":"","overlay-opacity":"","overlay-gradient":""}},"ast-content-background-meta":{"desktop":{"background-color":"var(--ast-global-color-4)","background-image":"","background-repeat":"repeat","background-position":"center center","background-size":"auto","background-attachment":"scroll","background-type":"","background-media":"","overlay-type":"","overlay-color":"","overlay-opacity":"","overlay-gradient":""},"tablet":{"background-color":"var(--ast-global-color-4)","background-image":"","background-repeat":"repeat","background-position":"center center","background-size":"auto","background-attachment":"scroll","background-type":"","background-media":"","overlay-type":"","overlay-color":"","overlay-opacity":"","overlay-gradient":""},"mobile":{"background-color":"var(--ast-global-color-4)","background-image":"","background-repeat":"repeat","background-position":"center center","background-size":"auto","background-attachment":"scroll","background-type":"","background-media":"","overlay-type":"","overlay-color":"","overlay-opacity":"","overlay-gradient":""}},"footnotes":""},"class_list":["post-682","page","type-page","status-publish","has-post-thumbnail","hentry"],"jetpack_sharing_enabled":true,"_links":{"self":[{"href":"https:\/\/heraitzekoop.fr\/index.php\/wp-json\/wp\/v2\/pages\/682","targetHints":{"allow":["GET"]}}],"collection":[{"href":"https:\/\/heraitzekoop.fr\/index.php\/wp-json\/wp\/v2\/pages"}],"about":[{"href":"https:\/\/heraitzekoop.fr\/index.php\/wp-json\/wp\/v2\/types\/page"}],"author":[{"embeddable":true,"href":"https:\/\/heraitzekoop.fr\/index.php\/wp-json\/wp\/v2\/users\/1"}],"replies":[{"embeddable":true,"href":"https:\/\/heraitzekoop.fr\/index.php\/wp-json\/wp\/v2\/comments?post=682"}],"version-history":[{"count":4,"href":"https:\/\/heraitzekoop.fr\/index.php\/wp-json\/wp\/v2\/pages\/682\/revisions"}],"predecessor-version":[{"id":877,"href":"https:\/\/heraitzekoop.fr\/index.php\/wp-json\/wp\/v2\/pages\/682\/revisions\/877"}],"up":[{"embeddable":true,"href":"https:\/\/heraitzekoop.fr\/index.php\/wp-json\/wp\/v2\/pages\/171"}],"wp:featuredmedia":[{"embeddable":true,"href":"https:\/\/heraitzekoop.fr\/index.php\/wp-json\/wp\/v2\/media\/639"}],"wp:attachment":[{"href":"https:\/\/heraitzekoop.fr\/index.php\/wp-json\/wp\/v2\/media?parent=682"}],"curies":[{"name":"wp","href":"https:\/\/api.w.org\/{rel}","templated":true}]}}